{"id":1416,"date":"2021-03-02T17:02:41","date_gmt":"2021-03-02T13:02:41","guid":{"rendered":"https:\/\/naoteraconstruction.com\/?page_id=1416"},"modified":"2021-03-02T17:03:40","modified_gmt":"2021-03-02T13:03:40","slug":"mentions-legales","status":"publish","type":"page","link":"https:\/\/naoteraconstruction.com\/index.php\/mentions-legales\/","title":{"rendered":"Mentions L\u00e9gales"},"content":{"rendered":"<div class=\"fusion-fullwidth fullwidth-box fusion-builder-row-1 fusion-flex-container nonhundred-percent-fullwidth non-hundred-percent-height-scrolling\" style=\"background-color: rgba(255,255,255,0);background-position: center center;background-repeat: no-repeat;border-width: 0px 0px 0px 0px;border-color:#eae9e9;border-style:solid;\" ><div class=\"fusion-builder-row fusion-row fusion-flex-align-items-flex-start\" style=\"max-width:1216.8px;margin-left: calc(-4% \/ 2 );margin-right: calc(-4% \/ 2 );\"><div class=\"fusion-layout-column fusion_builder_column fusion-builder-column-0 fusion_builder_column_1_1 1_1 fusion-flex-column\"><div class=\"fusion-column-wrapper fusion-flex-justify-content-flex-start fusion-content-layout-column\" style=\"background-position:left top;background-repeat:no-repeat;-webkit-background-size:cover;-moz-background-size:cover;-o-background-size:cover;background-size:cover;padding: 0px 0px 0px 0px;\"><div style=\"text-align:center;\"><span class=\" fusion-imageframe imageframe-none imageframe-1 hover-type-none\"><img width=\"380\" image_height=\"131\" image_id=\"1209\" title=\"naotera-construction_mobile_logo_retina\" src=\"https:\/\/naoteraconstruction.com\/wp-content\/uploads\/2021\/02\/naotera-construction_mobile_logo_retina.png\" data-orig-src=\"https:\/\/naoteraconstruction.com\/wp-content\/uploads\/2021\/02\/naotera-construction_mobile_logo_retina.png\" class=\"lazyload img-responsive wp-image-1209\" srcset=\"data:image\/svg+xml,%3Csvg%20xmlns%3D%27http%3A%2F%2Fwww.w3.org%2F2000%2Fsvg%27%20width%3D%27380%27%20height%3D%27131%27%20viewBox%3D%270%200%20380%20131%27%3E%3Crect%20width%3D%27380%27%20height%3D%273131%27%20fill-opacity%3D%220%22%2F%3E%3C%2Fsvg%3E\" data-srcset=\"https:\/\/naoteraconstruction.com\/wp-content\/uploads\/2021\/02\/naotera-construction_mobile_logo_retina-200x69.png 200w, https:\/\/naoteraconstruction.com\/wp-content\/uploads\/2021\/02\/naotera-construction_mobile_logo_retina.png 380w\" data-sizes=\"auto\" data-orig-sizes=\"(max-width: 1024px) 100vw, (max-width: 640px) 100vw, 380px\" \/><\/span><\/div><div class=\"fusion-separator fusion-full-width-sep\" style=\"align-self: center;margin-left: auto;margin-right: auto;margin-top:50px;margin-bottom:50px;width:100%;\"><div class=\"fusion-separator-border sep-single\" style=\"border-color:#eae8e8;border-top-width:0px;\"><\/div><\/div><style type=\"text\/css\">@media only screen and (max-width:1024px) {.fusion-title.fusion-title-1{margin-top:0px!important;margin-bottom:20px!important;}}<\/style><div class=\"fusion-title title fusion-title-1 fusion-sep-none fusion-title-text fusion-title-size-one\" style=\"margin-top:0px;margin-bottom:20px;\"><h1 class=\"title-heading-left\" style=\"margin:0;\"><p style=\"text-align: center;\">Mentions L\u00e9gales<\/p><\/h1><\/div><div class=\"fusion-separator fusion-full-width-sep\" style=\"align-self: center;margin-left: auto;margin-right: auto;margin-top:50px;width:100%;\"><div class=\"fusion-separator-border sep-single\" style=\"border-color:#eae8e8;border-top-width:0px;\"><\/div><\/div><div class=\"fusion-text fusion-text-1\"><p><b>Ce site est \u00e9dit\u00e9 par :<\/b><br \/>\nNaotera Construction<br \/>\n50 lotissement Les Feuillantines<br \/>\n97440 Saint-Andr\u00e9<br \/>\nT\u00e9l. 06.92.25.73.61<br \/>\nN\u00b0 Siret : 81819606500028<br \/>\nCode APE :<\/p>\n<p>&nbsp;&nbsp;<\/p>\n<p><b>Ce site est h\u00e9berg\u00e9 par :<\/b><br \/>\nOVH<br \/>\nSAS au capital de 10 069 020 \u20ac<br \/>\nRCS Lille M\u00e9tropole 424 761 419 00045<br \/>\nCode APE 2620Z<br \/>\nN\u00b0 TVA : FR 22 424 761 419<br \/>\nSi\u00e8ge social : 2 rue Kellermann &#8211; 59100 Roubaix &#8211; France<\/p>\n<p>&nbsp;&nbsp;<\/p>\n<p><b>Respect des droits d\u2019auteur<\/b><br \/>\nSauf mention contraire, les droits de propri\u00e9t\u00e9 intellectuelle sur les documents contenus dans le site (textes, images etc.) et chacun des \u00e9l\u00e9ments cr\u00e9\u00e9s pour ce site sont la propri\u00e9t\u00e9 exclusive de Naotera Construction.<br \/>\nL&rsquo;utilisation ou la reproduction de tous \u00e9l\u00e9ments publi\u00e9s sur le site naoteraconstruction.com est express\u00e9ment interdite (art. 122.4 du code de la propi\u00e9t\u00e9 intellectuelle).<\/p>\n<p>&nbsp;&nbsp;<\/p>\n<p><b>Respect de la vie priv\u00e9e et des donn\u00e9es personnelles<\/b><br \/>\nVous disposez d&rsquo;un droit d&rsquo;acc\u00e8s, de modification, de rectification et de suppression des donn\u00e9es &#8211; nom, adresse, num\u00e9ro de t\u00e9l\u00e9phone, adresse \u00e9lectronique &#8211; qui vous concernent (art.34 de la loi \u00ab\u00a0Informatique et Libert\u00e9s\u00a0\u00bb n\u00ba 78-17 du 16 janvier 1978).<br \/>\nPour l&rsquo;exercer, adressez-vous \u00e0 : Naotera Construction, contact@naoteraconstruction.com<\/p>\n<\/div><\/div><\/div><style type=\"text\/css\">.fusion-body .fusion-builder-column-0{width:100% !important;margin-top : 0px;margin-bottom : 0px;}.fusion-builder-column-0 > .fusion-column-wrapper {padding-top : 0px !important;padding-right : 0px !important;margin-right : 1.92%;padding-bottom : 0px !important;padding-left : 0px !important;margin-left : 1.92%;}@media only screen and (max-width:1024px) {.fusion-body .fusion-builder-column-0{width:100% !important;order : 0;}.fusion-builder-column-0 > .fusion-column-wrapper {margin-right : 1.92%;margin-left : 1.92%;}}@media only screen and (max-width:640px) {.fusion-body .fusion-builder-column-0{width:100% !important;order : 0;}.fusion-builder-column-0 > .fusion-column-wrapper {margin-right : 1.92%;margin-left : 1.92%;}}<\/style><\/div><style type=\"text\/css\">.fusion-body .fusion-flex-container.fusion-builder-row-1{ padding-top : 0px;margin-top : 0px;padding-right : 0px;padding-bottom : 0px;margin-bottom : 0px;padding-left : 0px;}<\/style><\/div>\n","protected":false},"excerpt":{"rendered":"","protected":false},"author":1,"featured_media":0,"parent":0,"menu_order":0,"comment_status":"closed","ping_status":"closed","template":"","meta":[],"yoast_head":"<!-- This site is optimized with the Yoast SEO plugin v15.8 - https:\/\/yoast.com\/wordpress\/plugins\/seo\/ -->\n<title>Mentions L\u00e9gales - Naotera Construction<\/title>\n<meta name=\"robots\" content=\"noindex, follow, max-snippet:-1, max-image-preview:large, max-video-preview:-1\" \/>\n<meta property=\"og:locale\" content=\"fr_FR\" \/>\n<meta property=\"og:type\" content=\"article\" \/>\n<meta property=\"og:title\" content=\"Mentions L\u00e9gales - Naotera Construction\" \/>\n<meta property=\"og:url\" content=\"https:\/\/naoteraconstruction.com\/index.php\/mentions-legales\/\" \/>\n<meta property=\"og:site_name\" content=\"Naotera Construction\" \/>\n<meta property=\"article:modified_time\" content=\"2021-03-02T13:03:40+00:00\" \/>\n<meta name=\"twitter:card\" content=\"summary_large_image\" \/>\n<meta name=\"twitter:label1\" content=\"Dur\u00e9e de lecture est.\">\n\t<meta name=\"twitter:data1\" content=\"5 minutes\">\n<script type=\"application\/ld+json\" class=\"yoast-schema-graph\">{\"@context\":\"https:\/\/schema.org\",\"@graph\":[{\"@type\":\"WebSite\",\"@id\":\"https:\/\/naoteraconstruction.com\/#website\",\"url\":\"https:\/\/naoteraconstruction.com\/\",\"name\":\"Naotera Construction\",\"description\":\"Construction de maisons \\u00e9volutives et modernes\",\"potentialAction\":[{\"@type\":\"SearchAction\",\"target\":\"https:\/\/naoteraconstruction.com\/?s={search_term_string}\",\"query-input\":\"required name=search_term_string\"}],\"inLanguage\":\"fr-FR\"},{\"@type\":\"WebPage\",\"@id\":\"https:\/\/naoteraconstruction.com\/index.php\/mentions-legales\/#webpage\",\"url\":\"https:\/\/naoteraconstruction.com\/index.php\/mentions-legales\/\",\"name\":\"Mentions L\\u00e9gales - Naotera Construction\",\"isPartOf\":{\"@id\":\"https:\/\/naoteraconstruction.com\/#website\"},\"datePublished\":\"2021-03-02T13:02:41+00:00\",\"dateModified\":\"2021-03-02T13:03:40+00:00\",\"breadcrumb\":{\"@id\":\"https:\/\/naoteraconstruction.com\/index.php\/mentions-legales\/#breadcrumb\"},\"inLanguage\":\"fr-FR\",\"potentialAction\":[{\"@type\":\"ReadAction\",\"target\":[\"https:\/\/naoteraconstruction.com\/index.php\/mentions-legales\/\"]}]},{\"@type\":\"BreadcrumbList\",\"@id\":\"https:\/\/naoteraconstruction.com\/index.php\/mentions-legales\/#breadcrumb\",\"itemListElement\":[{\"@type\":\"ListItem\",\"position\":1,\"item\":{\"@type\":\"WebPage\",\"@id\":\"https:\/\/naoteraconstruction.com\/\",\"url\":\"https:\/\/naoteraconstruction.com\/\",\"name\":\"Accueil\"}},{\"@type\":\"ListItem\",\"position\":2,\"item\":{\"@type\":\"WebPage\",\"@id\":\"https:\/\/naoteraconstruction.com\/index.php\/mentions-legales\/\",\"url\":\"https:\/\/naoteraconstruction.com\/index.php\/mentions-legales\/\",\"name\":\"Mentions L\\u00e9gales\"}}]}]}<\/script>\n<!-- \/ Yoast SEO plugin. -->","_links":{"self":[{"href":"https:\/\/naoteraconstruction.com\/index.php\/wp-json\/wp\/v2\/pages\/1416"}],"collection":[{"href":"https:\/\/naoteraconstruction.com\/index.php\/wp-json\/wp\/v2\/pages"}],"about":[{"href":"https:\/\/naoteraconstruction.com\/index.php\/wp-json\/wp\/v2\/types\/page"}],"author":[{"embeddable":true,"href":"https:\/\/naoteraconstruction.com\/index.php\/wp-json\/wp\/v2\/users\/1"}],"replies":[{"embeddable":true,"href":"https:\/\/naoteraconstruction.com\/index.php\/wp-json\/wp\/v2\/comments?post=1416"}],"version-history":[{"count":6,"href":"https:\/\/naoteraconstruction.com\/index.php\/wp-json\/wp\/v2\/pages\/1416\/revisions"}],"predecessor-version":[{"id":1422,"href":"https:\/\/naoteraconstruction.com\/index.php\/wp-json\/wp\/v2\/pages\/1416\/revisions\/1422"}],"wp:attachment":[{"href":"https:\/\/naoteraconstruction.com\/index.php\/wp-json\/wp\/v2\/media?parent=1416"}],"curies":[{"name":"wp","href":"https:\/\/api.w.org\/{rel}","templated":true}]}}